{"id":198,"date":"2019-03-01T14:59:20","date_gmt":"2019-03-01T13:59:20","guid":{"rendered":"https:\/\/www.ocuspocus.fr\/?page_id=198"},"modified":"2019-04-29T13:36:59","modified_gmt":"2019-04-29T11:36:59","slug":"mentions-legales","status":"publish","type":"page","link":"https:\/\/www.ocuspocus.fr\/index.php\/mentions-legales\/","title":{"rendered":"Mentions l\u00e9gales"},"content":{"rendered":"\n<p><strong>MENTIONS LEGALES DU SITE<\/strong><\/p>\n\n\n\n<p>I<strong>nformatique &amp; Libert\u00e9s<\/strong><\/p>\n\n\n\n<p>Conform\u00e9ment \u00e0 la loi du 6 janvier 1978 relative \u00e0 l&rsquo;informatique, aux fichiers  et  aux  libert\u00e9s, www.ocuspocus.fr est  un  site  vitrine  et  de pr\u00e9sentation, il est dispens\u00e9 d&rsquo;une d\u00e9claration aupr\u00e8s de la CNIL.<\/p>\n\n\n\n<p>N\u00e9anmoins,  vous  disposez  d&rsquo;un  droit d&rsquo;acc\u00e8s,  de  modification,  de rectification  et  de  suppression  des  donn\u00e9es  qui  vous  concernent. Vous pouvez  exercer  ce  droit  en  nous  contactant  \u00e0  l\u2019adresse  suivante : desabonnement@ocuspocus.fr<\/p>\n\n\n\n<p> Le site internet www.ocuspocus.fr a recours \u00e0 l&rsquo;utilisation de cookies afin  de  reconna\u00eetre  l\u2019utilisateur  lors  de  sa  connexion  sur  son  site. L&rsquo;utilisateur peut \u00e0 tout moment d\u00e9sactiver l&rsquo;utilisation de ces cookies en s\u00e9lectionnant les param\u00e8tres appropri\u00e9s dans son navigateur.<\/p>\n\n\n\n<p>OCUSPOCUS est une SASU au capital de 10000\u20ac, dont le si\u00e8ge social est : La Fabrique, 11 -13 Avenue de la Division Leclerc, 94230 Cachan, immatricul\u00e9e au registre du commerce et des soci\u00e9t\u00e9s de Cr\u00e9teil sous le num\u00e9ro 850 251 596. TVA: FR23 850 251 596. Directeur de la publication : Huy NGUYEN (administrateur@ocuspocus.fr)<\/p>\n\n\n\n<p><strong>Propri\u00e9t\u00e9 Intellectuelle<\/strong><\/p>\n\n\n\n<p>L&rsquo;ensemble de ce site rel\u00e8ve de la l\u00e9gislation fran\u00e7aise et internationale sur le droit d&rsquo;auteur et la propri\u00e9t\u00e9 intellectuelle. Tous les droits de reproduction sont r\u00e9serv\u00e9s, y compris les repr\u00e9sentations iconographiques et photographiques. La reproduction, adaptation et\/ou traduction de tout ou partie de ce site sur un support quel qu&rsquo;il soit, est formellement interdite sauf autorisation expresse du Directeur de la publication.<\/p>\n\n\n\n<p><strong>Modification du site<\/strong><\/p>\n\n\n\n<p>L&rsquo;\u00e9quipe \u00e9ditoriale se r\u00e9serve le droit de modifier ou de corriger le contenu de ce site et de ces mentions l\u00e9gales \u00e0 tout moment et ceci sans pr\u00e9avis.<\/p>\n\n\n\n<p><strong>H\u00e9bergeur<\/strong><\/p>\n\n\n\n<p>Le site www.ocuspocus.fr est h\u00e9berg\u00e9 par la soci\u00e9t\u00e9 OVH (www.ovh.com).<\/p>\n\n\n\n<p><br><\/p>\n","protected":false},"excerpt":{"rendered":"<p>MENTIONS LEGALES DU SITE Informatique &amp; Libert\u00e9s Conform\u00e9ment \u00e0 la loi du 6 janvier 1978 relative \u00e0 l&rsquo;informatique, aux fichiers et aux libert\u00e9s, www.ocuspocus.fr est un site vitrine et de pr\u00e9sentation, il est dispens\u00e9 d&rsquo;une d\u00e9claration aupr\u00e8s de la CNIL. N\u00e9anmoins, vous disposez d&rsquo;un droit d&rsquo;acc\u00e8s, de modification, de rectification et de suppression des donn\u00e9es [&hellip;]<\/p>\n","protected":false},"author":1,"featured_media":0,"parent":0,"menu_order":0,"comment_status":"closed","ping_status":"closed","template":"","meta":{"footnotes":""},"class_list":["post-198","page","type-page","status-publish","hentry"],"_links":{"self":[{"href":"https:\/\/www.ocuspocus.fr\/index.php\/wp-json\/wp\/v2\/pages\/198","targetHints":{"allow":["GET"]}}],"collection":[{"href":"https:\/\/www.ocuspocus.fr\/index.php\/wp-json\/wp\/v2\/pages"}],"about":[{"href":"https:\/\/www.ocuspocus.fr\/index.php\/wp-json\/wp\/v2\/types\/page"}],"author":[{"embeddable":true,"href":"https:\/\/www.ocuspocus.fr\/index.php\/wp-json\/wp\/v2\/users\/1"}],"replies":[{"embeddable":true,"href":"https:\/\/www.ocuspocus.fr\/index.php\/wp-json\/wp\/v2\/comments?post=198"}],"version-history":[{"count":10,"href":"https:\/\/www.ocuspocus.fr\/index.php\/wp-json\/wp\/v2\/pages\/198\/revisions"}],"predecessor-version":[{"id":519,"href":"https:\/\/www.ocuspocus.fr\/index.php\/wp-json\/wp\/v2\/pages\/198\/revisions\/519"}],"wp:attachment":[{"href":"https:\/\/www.ocuspocus.fr\/index.php\/wp-json\/wp\/v2\/media?parent=198"}],"curies":[{"name":"wp","href":"https:\/\/api.w.org\/{rel}","templated":true}]}}