{"id":273,"date":"2019-03-04T22:20:55","date_gmt":"2019-03-04T21:20:55","guid":{"rendered":"https:\/\/www.ocuspocus.fr\/?page_id=273"},"modified":"2019-03-05T14:57:31","modified_gmt":"2019-03-05T13:57:31","slug":"se-desabonner","status":"publish","type":"page","link":"https:\/\/www.ocuspocus.fr\/index.php\/se-desabonner\/","title":{"rendered":"Se d\u00e9sabonner"},"content":{"rendered":"\n<h2 class=\"wp-block-heading\">D\u00e9sabonnement<br><\/h2>\n\n\n\n<p>Rien de plus simple avec le formulaire de d\u00e9sabonnement ci-dessous qui vous permet de demander l\u2019arr\u00eat d\u00e9finitif et imm\u00e9diat de votre abonnement.<\/p>\n\n\n\n<p>Merci de suivre les instructions du formulaire de d\u00e9sabonnement ci-dessous pour proc\u00e9der \u00e0 la r\u00e9siliation de votre abonnement.<\/p>\n\n\n\n<p>Formulaire de d\u00e9sabonnement :<\/p>\n\n\n\n<p>\n<div class=\"wpcf7 no-js\" id=\"wpcf7-f272-o1\" lang=\"fr-FR\" dir=\"ltr\">\n<div class=\"screen-reader-response\"><p role=\"status\" aria-live=\"polite\" aria-atomic=\"true\"><\/p> <ul><\/ul><\/div>\n<form action=\"\/index.php\/wp-json\/wp\/v2\/pages\/273#wpcf7-f272-o1\" method=\"post\" class=\"wpcf7-form init\" aria-label=\"Formulaire de contact\" novalidate=\"novalidate\" data-status=\"init\">\n<div style=\"display: none;\">\n<input type=\"hidden\" name=\"_wpcf7\" value=\"272\" \/>\n<input type=\"hidden\" name=\"_wpcf7_version\" value=\"5.7.7\" \/>\n<input type=\"hidden\" name=\"_wpcf7_locale\" value=\"fr_FR\" \/>\n<input type=\"hidden\" name=\"_wpcf7_unit_tag\" value=\"wpcf7-f272-o1\" \/>\n<input type=\"hidden\" name=\"_wpcf7_container_post\" value=\"0\" \/>\n<input type=\"hidden\" name=\"_wpcf7_posted_data_hash\" value=\"\" \/>\n<input type=\"hidden\" name=\"_wpcf7_recaptcha_response\" value=\"\" \/>\n<\/div>\n<p><label> Votre adresse de messagerie (obligatoire)<br \/>\n<span class=\"wpcf7-form-control-wrap\" data-name=\"your-email\"><input size=\"40\" class=\"wpcf7-form-control wpcf7-text wpcf7-email wpcf7-validates-as-required wpcf7-validates-as-email\" aria-required=\"true\" aria-invalid=\"false\" value=\"\" type=\"email\" name=\"your-email\" \/><\/span> <\/label>\n<\/p>\n<span class=\"wpcf7-form-control-wrap recaptcha\" data-name=\"recaptcha\"><span data-sitekey=\"6LeBCpUUAAAAACRVF5d6E8TKmg4i1rrmlMTAcpL2\" class=\"wpcf7-form-control g-recaptcha wpcf7-recaptcha\"><\/span>\r\n<noscript>\r\n\t<div class=\"grecaptcha-noscript\">\r\n\t\t<iframe loading=\"lazy\" src=\"https:\/\/www.google.com\/recaptcha\/api\/fallback?k=6LeBCpUUAAAAACRVF5d6E8TKmg4i1rrmlMTAcpL2\" frameborder=\"0\" scrolling=\"no\" width=\"310\" height=\"430\">\r\n\t\t<\/iframe>\r\n\t\t<textarea name=\"g-recaptcha-response\" rows=\"3\" cols=\"40\" placeholder=\"reCaptcha Response Here\">\r\n\t\t<\/textarea>\r\n\t<\/div>\r\n<\/noscript>\r\n<\/span>\n<p><input class=\"wpcf7-form-control has-spinner wpcf7-submit\" type=\"submit\" value=\"Envoyer\" \/>\n<\/p><p style=\"display: none !important;\" class=\"akismet-fields-container\" data-prefix=\"_wpcf7_ak_\"><label>&#916;<textarea name=\"_wpcf7_ak_hp_textarea\" cols=\"45\" rows=\"8\" maxlength=\"100\"><\/textarea><\/label><input type=\"hidden\" id=\"ak_js_1\" name=\"_wpcf7_ak_js\" value=\"224\"\/><script>document.getElementById( \"ak_js_1\" ).setAttribute( \"value\", ( new Date() ).getTime() );<\/script><\/p><div class=\"wpcf7-response-output\" aria-hidden=\"true\"><\/div>\n<\/form>\n<\/div>\n<br><\/p>\n","protected":false},"excerpt":{"rendered":"<p>D\u00e9sabonnement Rien de plus simple avec le formulaire de d\u00e9sabonnement ci-dessous qui vous permet de demander l\u2019arr\u00eat d\u00e9finitif et imm\u00e9diat de votre abonnement. Merci de suivre les instructions du formulaire de d\u00e9sabonnement ci-dessous pour proc\u00e9der \u00e0 la r\u00e9siliation de votre abonnement. Formulaire de d\u00e9sabonnement :<\/p>\n","protected":false},"author":1,"featured_media":0,"parent":0,"menu_order":0,"comment_status":"closed","ping_status":"closed","template":"","meta":{"footnotes":""},"class_list":["post-273","page","type-page","status-publish","hentry"],"_links":{"self":[{"href":"https:\/\/www.ocuspocus.fr\/index.php\/wp-json\/wp\/v2\/pages\/273","targetHints":{"allow":["GET"]}}],"collection":[{"href":"https:\/\/www.ocuspocus.fr\/index.php\/wp-json\/wp\/v2\/pages"}],"about":[{"href":"https:\/\/www.ocuspocus.fr\/index.php\/wp-json\/wp\/v2\/types\/page"}],"author":[{"embeddable":true,"href":"https:\/\/www.ocuspocus.fr\/index.php\/wp-json\/wp\/v2\/users\/1"}],"replies":[{"embeddable":true,"href":"https:\/\/www.ocuspocus.fr\/index.php\/wp-json\/wp\/v2\/comments?post=273"}],"version-history":[{"count":5,"href":"https:\/\/www.ocuspocus.fr\/index.php\/wp-json\/wp\/v2\/pages\/273\/revisions"}],"predecessor-version":[{"id":286,"href":"https:\/\/www.ocuspocus.fr\/index.php\/wp-json\/wp\/v2\/pages\/273\/revisions\/286"}],"wp:attachment":[{"href":"https:\/\/www.ocuspocus.fr\/index.php\/wp-json\/wp\/v2\/media?parent=273"}],"curies":[{"name":"wp","href":"https:\/\/api.w.org\/{rel}","templated":true}]}}