{"id":364,"date":"2019-03-22T17:48:00","date_gmt":"2019-03-22T16:48:00","guid":{"rendered":"https:\/\/www.ocuspocus.fr\/?page_id=364"},"modified":"2019-05-10T16:25:24","modified_gmt":"2019-05-10T14:25:24","slug":"nos-thematiques","status":"publish","type":"page","link":"https:\/\/www.ocuspocus.fr\/index.php\/nos-thematiques\/","title":{"rendered":"Th\u00e8mes"},"content":{"rendered":"\n<h2 class=\"wp-block-heading\">associations<br><\/h2>\n\n\n\n<blockquote class=\"wp-block-quote is-layout-flow wp-block-quote-is-layout-flow\"><p>Il existe 1 300 000 associations en France. Travailler dans une association, c&rsquo;est choisir de participer \u00e0 un projet collectif qui vous tient \u00e0 coeur. Mettre \u00e0 profit nos comp\u00e9tences et notre savoir-faire, pour vous proposer  des produits porteurs de valeurs et de sens, nous est donc  primordial. <\/p><\/blockquote>\n\n\n\n<figure class=\"wp-block-image\"><img loading=\"lazy\" decoding=\"async\" width=\"1500\" height=\"750\" src=\"https:\/\/www.ocuspocus.fr\/wp-content\/uploads\/2019\/03\/Asso-v3.gif\" alt=\"\" class=\"wp-image-413\"\/><\/figure>\n\n\n\n<h2 class=\"wp-block-heading\">sport<\/h2>\n\n\n\n<blockquote class=\"wp-block-quote is-layout-flow wp-block-quote-is-layout-flow\"><p>Le sport est la premi\u00e8re activit\u00e9 associative avec plus de 300 000 associations. Les associations sportives sont parmi les plus autonomes en terme de financement. Dans un contexte de r\u00e9duction des d\u00e9penses publiques, l&rsquo;autonomie de ses associations devra passer par l&rsquo;accroissement de ses ressources propres : cotisations, dons\/m\u00e9c\u00e9nat\/fondation et enfin vente\/organisation d&rsquo;\u00e9v\u00e8nements.<\/p><\/blockquote>\n\n\n\n<figure class=\"wp-block-image\"><img loading=\"lazy\" decoding=\"async\" width=\"1500\" height=\"750\" src=\"https:\/\/www.ocuspocus.fr\/wp-content\/uploads\/2019\/05\/Sport-v2.gif\" alt=\"\" class=\"wp-image-593\"\/><\/figure>\n\n\n\n<h2 class=\"wp-block-heading\">\u00e9cole &amp; promotion<\/h2>\n\n\n\n<blockquote class=\"wp-block-quote is-layout-flow wp-block-quote-is-layout-flow\"><p>Portez haut les valeurs et couleurs de votre \u00e9cole.<\/p><\/blockquote>\n\n\n\n<figure class=\"wp-block-image\"><img loading=\"lazy\" decoding=\"async\" width=\"1500\" height=\"750\" src=\"https:\/\/www.ocuspocus.fr\/wp-content\/uploads\/2019\/04\/EcolePromo-v5.gif\" alt=\"\" class=\"wp-image-513\"\/><\/figure>\n\n\n\n<h2 class=\"wp-block-heading\">boutiques (solidaires) <\/h2>\n\n\n\n<blockquote class=\"wp-block-quote is-layout-flow wp-block-quote-is-layout-flow\"><p>Destin\u00e9e \u00e0 financer les oeuvres sociales, les projets culturels ou \u00e0 animer une communaut\u00e9, la boutique est un lieu d&rsquo;exposition en elle-m\u00eame. Ses produits doivent \u00eatre porteurs de valeurs et de sens afin de g\u00e9n\u00e9rer un double impact : revenus et rayonnement.<\/p><\/blockquote>\n\n\n\n<figure class=\"wp-block-image\"><img loading=\"lazy\" decoding=\"async\" width=\"1500\" height=\"750\" src=\"https:\/\/www.ocuspocus.fr\/wp-content\/uploads\/2019\/05\/Boutiques-v3.gif\" alt=\"\" class=\"wp-image-549\"\/><\/figure>\n\n\n\n<h2 class=\"wp-block-heading\">goldies goodies<\/h2>\n\n\n\n<blockquote class=\"wp-block-quote is-layout-flow wp-block-quote-is-layout-flow\"><p>Le choix est large &amp; multiple, et ce n&rsquo;est pas forc\u00e9ment simple &#8230; Qualifiez votre cible, votre objectif et votre message. Laissez-nous vous accompagner dans le choix du support.<\/p><\/blockquote>\n\n\n\n<figure class=\"wp-block-image\"><img loading=\"lazy\" decoding=\"async\" width=\"1500\" height=\"750\" src=\"https:\/\/www.ocuspocus.fr\/wp-content\/uploads\/2019\/05\/Goodies-v2.gif\" alt=\"\" class=\"wp-image-520\"\/><\/figure>\n","protected":false},"excerpt":{"rendered":"<p>associations Il existe 1 300 000 associations en France. Travailler dans une association, c&rsquo;est choisir de participer \u00e0 un projet collectif qui vous tient \u00e0 coeur. Mettre \u00e0 profit nos comp\u00e9tences et notre savoir-faire, pour vous proposer des produits porteurs de valeurs et de sens, nous est donc primordial. sport Le sport est la premi\u00e8re [&hellip;]<\/p>\n","protected":false},"author":1,"featured_media":0,"parent":0,"menu_order":0,"comment_status":"closed","ping_status":"closed","template":"","meta":{"footnotes":""},"class_list":["post-364","page","type-page","status-publish","hentry"],"_links":{"self":[{"href":"https:\/\/www.ocuspocus.fr\/index.php\/wp-json\/wp\/v2\/pages\/364","targetHints":{"allow":["GET"]}}],"collection":[{"href":"https:\/\/www.ocuspocus.fr\/index.php\/wp-json\/wp\/v2\/pages"}],"about":[{"href":"https:\/\/www.ocuspocus.fr\/index.php\/wp-json\/wp\/v2\/types\/page"}],"author":[{"embeddable":true,"href":"https:\/\/www.ocuspocus.fr\/index.php\/wp-json\/wp\/v2\/users\/1"}],"replies":[{"embeddable":true,"href":"https:\/\/www.ocuspocus.fr\/index.php\/wp-json\/wp\/v2\/comments?post=364"}],"version-history":[{"count":38,"href":"https:\/\/www.ocuspocus.fr\/index.php\/wp-json\/wp\/v2\/pages\/364\/revisions"}],"predecessor-version":[{"id":594,"href":"https:\/\/www.ocuspocus.fr\/index.php\/wp-json\/wp\/v2\/pages\/364\/revisions\/594"}],"wp:attachment":[{"href":"https:\/\/www.ocuspocus.fr\/index.php\/wp-json\/wp\/v2\/media?parent=364"}],"curies":[{"name":"wp","href":"https:\/\/api.w.org\/{rel}","templated":true}]}}